{"id":19097,"date":"2023-01-18T23:38:39","date_gmt":"2023-01-18T22:38:39","guid":{"rendered":"https:\/\/www.nikelshop.it\/?post_type=product&#038;p=19097"},"modified":"2026-03-30T10:24:43","modified_gmt":"2026-03-30T08:24:43","slug":"libreria-e-sistema-a-parete-modulare-krossing-copia-2","status":"publish","type":"product","link":"https:\/\/krossing.shop\/it\/shop-krossing\/krossing-bookcase-and-modular-wall-system-copia-2\/","title":{"rendered":"Krossing MIDI \u2013 Libreria modulare da parete e\/o da pavimento"},"content":{"rendered":"<p>Krossing Midi \u00e8 un&#039;evoluzione del famoso sistema Krossing prodotto da Kriptonite. Krossing Midi ha una particolarit\u00e0: la struttura pu\u00f2 essere configurata per essere fissata alla parete, oppure \u00e8 possibile aggiungere una base per appoggiarla a terra, ancorandola al muro.<\/p>\n<p>Il sistema a parete Krossing Midi, realizzato semplicemente con mensole e tubi in alluminio, \u00e8 progettato per contenere un gran numero di libri, ma non solo, occupando uno spazio minimo.<\/p>\n<p><img loading=\"lazy\" decoding=\"async\" class=\"size-medium wp-image-19100 alignleft\" src=\"https:\/\/www.krossing.shop\/wp-content\/uploads\/2023\/01\/Krossing_Midi-500x411.png\" alt=\"krossing_midi_kriptonite\" width=\"500\" height=\"411\" srcset=\"https:\/\/krossing.shop\/wp-content\/uploads\/2023\/01\/Krossing_Midi-500x411.png 500w, https:\/\/krossing.shop\/wp-content\/uploads\/2023\/01\/Krossing_Midi-150x123.png 150w, https:\/\/krossing.shop\/wp-content\/uploads\/2023\/01\/Krossing_Midi-768x631.png 768w, https:\/\/krossing.shop\/wp-content\/uploads\/2023\/01\/Krossing_Midi-85x70.png 85w, https:\/\/krossing.shop\/wp-content\/uploads\/2023\/01\/Krossing_Midi-97x80.png 97w, https:\/\/krossing.shop\/wp-content\/uploads\/2023\/01\/Krossing_Midi.png 872w\" sizes=\"auto, (max-width: 500px) 100vw, 500px\" \/><\/p>\n<p>Per acquistare la libreria Krossing Midi, seleziona gli elementi necessari: la quantit\u00e0 di ripiani e la quantit\u00e0 di tubi distanziatori.<br \/>\nLe mensole hanno una profondit\u00e0 di 20 cm e sono disponibili nelle lunghezze di 40, 80, 120, 160 e 200 cm. Lunghezze personalizzate sono disponibili con un piccolo sovrapprezzo. Per informazioni su misure particolari, inviate un messaggio.<\/p>\n<p>I tubi distanziatori sono disponibili in due altezze: 25 e 33 cm.<\/p>\n<p>I colori disponibili sono: alluminio naturale, bianco opaco, nero opaco. Altre finiture speciali, ottenibili con un sovrapprezzo, sono elencate nel listino prezzi.<\/p>\n<p>Una volta selezionata la quantit\u00e0 di ripiani, tubi e il colore, possiamo cliccare su &quot;Aggiungi al carrello&quot; e procedere con il pagamento per completare l&#039;ordine.<\/p>\n<p>Per quanto riguarda il montaggio, si tratta semplicemente di unire i ripiani scelti con i tubi. \u00c8 possibile eseguire tutto a mano, senza l&#039;ausilio di altri attrezzi. In ogni caso, consultare le istruzioni di montaggio presenti all&#039;interno della confezione.<\/p>\n<p>Come potete vedere, \u00e8 molto semplice e potete anche comporre librerie particolari e personalizzate.<\/p>\n<p>Attualmente la preparazione di ogni ordine richiede circa <strong>4-5 settimane<\/strong>.<\/p>\n<p>Per qualsiasi dubbio, non esitate a contattarci, vi forniremo tutti i chiarimenti necessari; e se avete esigenze particolari vi consiglieremo la configurazione migliore.<\/p>\n<ul>\n<li>SPEDIAMO IN ITALIA E IN TUTTA EUROPA.<\/li>\n<li>Ordini con destinazione<strong> SVIZZERA, <\/strong><strong>Regno Unito <\/strong>E<strong> NORVEGIA<\/strong>, L&#039;IVA italiana viene detratta<\/li>\n<\/ul>\n<h4><a href=\"#mioNome\">Vai alla selezione degli articoli<\/a><\/h4>","protected":false},"excerpt":{"rendered":"<p><span style=\"color: #333333;\"><strong>Libreria Krosing Midi<\/strong> \u2013 Kriptonite ha creato un nuovo sistema di pareti modulari con possibilit\u00e0 di supporto a pavimento.<\/span><\/p>\n<p><span style=\"color: #333333;\">Gli scaffali hanno una profondit\u00e0 di <strong>20 cm<\/strong>.<\/span><br \/>\n<span style=\"color: #333333;\">Pu\u00f2 essere montato a parete oppure, aggiungendo una base, pu\u00f2 essere appoggiato a terra e fissato al muro.<\/span><br \/>\n<span style=\"color: #333333;\">Crea la tua libreria<\/span><\/p>\n<p><span style=\"color: #333333;\"><strong>RIVENDITORE UFFICIALE DI KRIPTONITE<\/strong><\/span><\/p>\n<p><span style=\"color: #000080;\">Ordini con destinazione <strong>SVIZZERA,<\/strong>\u00a0<strong>Regno Unito<\/strong> E<strong> NORVEGIA,<\/strong>\u00a0L&#039;IVA italiana viene detratta<\/span><\/p>","protected":false},"featured_media":20791,"template":"","meta":[],"product_brand":[],"product_cat":[296],"product_tag":[],"class_list":{"0":"post-19097","1":"product","2":"type-product","3":"status-publish","4":"has-post-thumbnail","6":"product_cat-krossing","7":"tm-has-options","9":"first","10":"instock","11":"featured","12":"taxable","13":"shipping-taxable","14":"purchasable","15":"product-type-simple"},"_links":{"self":[{"href":"https:\/\/krossing.shop\/it\/wp-json\/wp\/v2\/product\/19097","targetHints":{"allow":["GET"]}}],"collection":[{"href":"https:\/\/krossing.shop\/it\/wp-json\/wp\/v2\/product"}],"about":[{"href":"https:\/\/krossing.shop\/it\/wp-json\/wp\/v2\/types\/product"}],"wp:featuredmedia":[{"embeddable":true,"href":"https:\/\/krossing.shop\/it\/wp-json\/wp\/v2\/media\/20791"}],"wp:attachment":[{"href":"https:\/\/krossing.shop\/it\/wp-json\/wp\/v2\/media?parent=19097"}],"wp:term":[{"taxonomy":"product_brand","embeddable":true,"href":"https:\/\/krossing.shop\/it\/wp-json\/wp\/v2\/product_brand?post=19097"},{"taxonomy":"product_cat","embeddable":true,"href":"https:\/\/krossing.shop\/it\/wp-json\/wp\/v2\/product_cat?post=19097"},{"taxonomy":"product_tag","embeddable":true,"href":"https:\/\/krossing.shop\/it\/wp-json\/wp\/v2\/product_tag?post=19097"}],"curies":[{"name":"wp","href":"https:\/\/api.w.org\/{rel}","templated":true}]}}