{"id":20884,"date":"2026-03-09T16:51:43","date_gmt":"2026-03-09T15:51:43","guid":{"rendered":"https:\/\/krossing.shop\/?page_id=20884"},"modified":"2026-03-09T16:51:43","modified_gmt":"2026-03-09T15:51:43","slug":"dostava","status":"publish","type":"page","link":"https:\/\/krossing.shop\/hr\/shipping\/","title":{"rendered":"Dostava"},"content":{"rendered":"<div class=\"wpb-content-wrapper\"><div data-vc-full-width=\"true\" data-vc-full-width-temp=\"true\" data-vc-full-width-init=\"false\" data-vc-stretch-content=\"true\" class=\"vc_row wpb_row vc_row-fluid vc_custom_1451486211770 vc_row-no-padding vc_row-o-content-middle vc_row-flex\"><div class=\"wpb_column vc_column_container vc_col-sm-12 vc_col-md-6\"><div class=\"vc_column-inner\"><div class=\"wpb_wrapper\">\n\t<div  class=\"wpb_single_image wpb_content_element vc_align_center vc_custom_1773071499389\">\n\t\t\n\t\t<figure class=\"wpb_wrapper vc_figure\">\n\t\t\t<div class=\"vc_single_image-wrapper   vc_box_border_grey\"><img loading=\"lazy\" decoding=\"async\" width=\"960\" height=\"750\" src=\"https:\/\/krossing.shop\/wp-content\/uploads\/2026\/03\/spedizione-oggettistica-design-complementi-di-arredo-nikelshop-ferrara.jpg\" class=\"vc_single_image-img attachment-full\" alt=\"\" title=\"spedizione-oggettistica-design-complementi-di-arredo-nikelshop-ferrara\" srcset=\"https:\/\/krossing.shop\/wp-content\/uploads\/2026\/03\/spedizione-oggettistica-design-complementi-di-arredo-nikelshop-ferrara.jpg 960w, https:\/\/krossing.shop\/wp-content\/uploads\/2026\/03\/spedizione-oggettistica-design-complementi-di-arredo-nikelshop-ferrara-500x391.jpg 500w, https:\/\/krossing.shop\/wp-content\/uploads\/2026\/03\/spedizione-oggettistica-design-complementi-di-arredo-nikelshop-ferrara-768x600.jpg 768w, https:\/\/krossing.shop\/wp-content\/uploads\/2026\/03\/spedizione-oggettistica-design-complementi-di-arredo-nikelshop-ferrara-150x117.jpg 150w\" sizes=\"auto, (max-width: 960px) 100vw, 960px\" \/><\/div>\n\t\t<\/figure>\n\t<\/div>\n<\/div><\/div><\/div><div class=\"wpb_column vc_column_container vc_col-sm-12 vc_col-md-6\"><div class=\"vc_column-inner vc_custom_1485009354843\"><div class=\"wpb_wrapper\">\n\t<div class=\"wpb_text_column wpb_content_element vc_custom_1539270314326\" >\n\t\t<div class=\"wpb_wrapper\">\n\t\t\t<h3>Dostava i povrat robe<\/h3>\n\n\t\t<\/div>\n\t<\/div>\n\n\t<div class=\"wpb_text_column wpb_content_element vc_custom_1547131066139\" >\n\t\t<div class=\"wpb_wrapper\">\n\t\t\t<p>Za po\u0161iljke u Italiju, tro\u0161kovi dostave su besplatni ako je vrijednost ko\u0161arice ve\u0107a od 120,00 \u20ac. Ako je vrijednost ko\u0161arice manja od 120,00 \u20ac, tro\u0161kovi dostave iznose 9,50 \u20ac. Za <strong>po\u0161iljke<\/strong> <strong>unutar<\/strong> <strong>Europska zajednica, \u0160vicarska, Ujedinjeno Kraljevstvo i Norve\u0161ka<\/strong> Tro\u0161ak dostave ovisi o te\u017eini artikla i mo\u017ee se provjeriti u ko\u0161arici prije pla\u0107anja.<\/p>\n<p>Paketi se obi\u010dno \u0161alju unutar 24\/48 sati od kupnje i pla\u0107anja. Za robu koja nije odmah dostupna, poput polica za knjige, namje\u0161taja i predmeta koji se naru\u010duju, dostava \u0107e se obaviti \u0161to je prije mogu\u0107e, a datum \u0107e biti naveden u oglasu za prodaju.<\/p>\n<p><strong>Po\u0161iljke<\/strong> vr\u0161e se ekspresnim kurirskim slu\u017ebama kao \u0161to su TNT, DHL i BRT. U Italiji se dostava obi\u010dno obavlja dan nakon otpreme, dok <strong>Rokovi isporuke u inozemstvo variraju izme\u0111u 2 i 6 dana<\/strong>. Mogu se pove\u0107ati u zemljama gdje je potrebna carina.<\/p>\n<p>Prilikom slanja, poslat \u0107emo vam poveznicu za pra\u0107enje va\u0161eg paketa online. Tro\u0161kovi dostave uklju\u010duju tro\u0161kove rukovanja i pakiranja.<\/p>\n<p>Kutije su dovoljno velike i va\u0161i su artikli dobro za\u0161ti\u0107eni. Roba se mo\u017ee vratiti iz bilo kojeg razloga u roku od 15 dana od kupnje. U tom slu\u010daju, kupac mora priop\u0107iti tu namjeru putem e-po\u0161te na adresu info@nikelshop.it i nakon prihva\u0107anja od strane Nikel snc, mora poslati robu, o svom tro\u0161ku, na adresu koja \u0107e tada biti navedena.<\/p>\n\n\t\t<\/div>\n\t<\/div>\n<div class=\"vc_empty_space\"   style=\"height: 25px\"><span class=\"vc_empty_space_inner\"><\/span><\/div><\/div><\/div><\/div><\/div><div class=\"vc_row-full-width vc_clearfix\"><\/div>\n<\/div>","protected":false},"excerpt":{"rendered":"Shipping and Returns For shipments to Italy, shipping costs are free if the basket is over \u20ac 120.00. If the","protected":false},"author":3,"featured_media":0,"parent":0,"menu_order":0,"comment_status":"closed","ping_status":"closed","template":"","meta":{"footnotes":""},"class_list":["post-20884","page","type-page","status-publish","hentry"],"_links":{"self":[{"href":"https:\/\/krossing.shop\/hr\/wp-json\/wp\/v2\/pages\/20884","targetHints":{"allow":["GET"]}}],"collection":[{"href":"https:\/\/krossing.shop\/hr\/wp-json\/wp\/v2\/pages"}],"about":[{"href":"https:\/\/krossing.shop\/hr\/wp-json\/wp\/v2\/types\/page"}],"author":[{"embeddable":true,"href":"https:\/\/krossing.shop\/hr\/wp-json\/wp\/v2\/users\/3"}],"replies":[{"embeddable":true,"href":"https:\/\/krossing.shop\/hr\/wp-json\/wp\/v2\/comments?post=20884"}],"version-history":[{"count":1,"href":"https:\/\/krossing.shop\/hr\/wp-json\/wp\/v2\/pages\/20884\/revisions"}],"predecessor-version":[{"id":20889,"href":"https:\/\/krossing.shop\/hr\/wp-json\/wp\/v2\/pages\/20884\/revisions\/20889"}],"wp:attachment":[{"href":"https:\/\/krossing.shop\/hr\/wp-json\/wp\/v2\/media?parent=20884"}],"curies":[{"name":"wp","href":"https:\/\/api.w.org\/{rel}","templated":true}]}}