{"id":20890,"date":"2026-03-09T16:52:59","date_gmt":"2026-03-09T15:52:59","guid":{"rendered":"https:\/\/krossing.shop\/?page_id=20890"},"modified":"2026-03-09T16:52:59","modified_gmt":"2026-03-09T15:52:59","slug":"termes-et-conditions","status":"publish","type":"page","link":"https:\/\/krossing.shop\/fr\/terms-and-conditions\/","title":{"rendered":"Termes et conditions"},"content":{"rendered":"<p><strong>Pr\u00e9misse<br \/>\n<\/strong>Les pr\u00e9sentes conditions g\u00e9n\u00e9rales de vente en ligne (ci-apr\u00e8s \u201c CGV \u201d) r\u00e9gissent le contrat de vente (ci-apr\u00e8s le \u201c Contrat \u201d) des produits (ci-apr\u00e8s le \u201c produit \u201d ou les \u201c produits \u201d) propos\u00e9s par Nikel snc., dont le si\u00e8ge social est situ\u00e9 \u00e0 Ferrare, Via Gusmaria, 6 \u2013 44121 Ferrare, num\u00e9ro de TVA intracommunautaire 01195320385, num\u00e9ro d\u2019identification fiscale (EORI) IT01195320385, num\u00e9ro d\u2019identification fiscale britannique (EORI) GB078928454000, immatricul\u00e9e au REA de Ferrare sous le num\u00e9ro 137418, via son site internet www.nikelshop.it (ci-apr\u00e8s le \u201c site \u201d), aux utilisateurs du site (ci-apr\u00e8s les \u201c clients \u201d).<br \/>\nToutes les informations contenues sur le site sont en italien. Le client d\u00e9clare avoir pris connaissance de l&#039;ensemble des informations susmentionn\u00e9es et des conditions g\u00e9n\u00e9rales de vente avant de passer commande.<br \/>\nLe client d\u00e9clare \u00e9galement avoir la capacit\u00e9 juridique de s&#039;engager conform\u00e9ment aux dispositions des pr\u00e9sentes conditions g\u00e9n\u00e9rales.<\/p>\n<p><strong>1 \u2013 Objet<br \/>\n<\/strong>Les pr\u00e9sentes conditions g\u00e9n\u00e9rales de vente ont pour objet la d\u00e9finition des droits et obligations des parties dans le cadre d&#039;une vente \u00e0 distance de marchandises propos\u00e9es sur la boutique en ligne www.nikelshop.it<\/p>\n<p><strong>2 \u2013 Documents contractuels<br \/>\n<\/strong>Ce contrat est compos\u00e9 des documents suivants\u00a0:<br \/>\n\u2022 les pr\u00e9sentes conditions g\u00e9n\u00e9rales de vente<br \/>\n\u2022 la confirmation de commande<br \/>\nLes photographies illustrant les produits sur le site ne font pas partie du champ d&#039;application contractuel et sont pr\u00e9sent\u00e9es \u00e0 titre descriptif uniquement.<\/p>\n<p><strong>3- R\u00e9ception de la commande<br \/>\n<\/strong>Toute confirmation de commande sign\u00e9e par le clic de validation constitue un engagement irr\u00e9vocable du client qui ne peut \u00eatre remis en cause que dans les cas pr\u00e9vus au pr\u00e9sent contrat aux articles \u201c Droit de r\u00e9tractation \u201d et \u201c Ex\u00e9cution de la commande \u201d.<\/p>\n<p><strong>4 \u2013 Acceptation de la commande<br \/>\n<\/strong>La conclusion du contrat n&#039;interviendra qu&#039;apr\u00e8s confirmation de la commande par NikelShop.<br \/>\nLe client recevra par courriel une notification de r\u00e9ception contenant la confirmation de commande avec tous les \u00e9l\u00e9ments constituant le contrat (y compris les produits command\u00e9s, les prix et les frais d&#039;exp\u00e9dition \u00e9ventuels).<br \/>\nNikelShop se r\u00e9serve le droit de ne pas confirmer une commande pour quelque raison que ce soit, notamment en cas de probl\u00e8me d&#039;approvisionnement ou de probl\u00e8me concernant la commande re\u00e7ue.<br \/>\nNikelShop ne peut \u00eatre tenu responsable des erreurs de livraison dues \u00e0 des inexactitudes ou \u00e0 des informations incompl\u00e8tes lors de la saisie du bon de commande par le client. De m\u00eame, NikelShop ne peut \u00eatre tenu responsable des retards de livraison imputables au transporteur.<\/p>\n<p><strong>5 \u2013 Disponibilit\u00e9 des produits<br \/>\n<\/strong>Sauf indication contraire, les produits propos\u00e9s sur le site sont en stock et pr\u00eats \u00e0 \u00eatre exp\u00e9di\u00e9s sous 24 heures. Pour l&#039;achat de biblioth\u00e8ques, de structures modulaires ou d&#039;autres produits vendus en dropshipping ou en configuration personnalis\u00e9e, un d\u00e9lai de pr\u00e9paration de commande est \u00e0 pr\u00e9voir, pouvant varier de quelques jours \u00e0 quelques semaines. Le d\u00e9lai moyen sera indiqu\u00e9 dans l&#039;annonce et communiqu\u00e9 pr\u00e9cis\u00e9ment au client quelques jours apr\u00e8s la validation de sa commande.<\/p>\n<p>Les offres pr\u00e9sent\u00e9es sur ce site seront valables tant que les produits list\u00e9s resteront en ligne et dans la limite des stocks disponibles.<br \/>\nNikelShop se r\u00e9serve \u00e9galement le droit d&#039;informer le client, dans les 10 jours suivant l&#039;achat, \u00e0 l&#039;adresse \u00e9lectronique associ\u00e9e \u00e0 son profil, de l&#039;indisponibilit\u00e9 d&#039;un ou plusieurs produits achet\u00e9s. En cas d&#039;achat d&#039;un produit devenu indisponible, NikelShop remboursera le prix et les frais de livraison (sur la carte bancaire ou le compte PayPal indiqu\u00e9s lors de l&#039;achat, ou par virement bancaire, dont les coordonn\u00e9es seront communiqu\u00e9es apr\u00e8s inscription).<\/p>\n<p><strong>6 \u2013 Prix \u2013 Facture<br \/>\n<\/strong>Les prix sont exprim\u00e9s en euros et incluent la TVA \u00e0 22% (4% pour les articles qui le n\u00e9cessitent).<br \/>\nLe prix garanti \u00e0 l&#039;acheteur est celui publi\u00e9 sur le site au moment de l&#039;exp\u00e9dition.<br \/>\nLes prix des produits sont d\u00e9finitifs. Ils n&#039;incluent pas les frais de livraison, qui seront indiqu\u00e9s dans la confirmation de commande. Le prix initial sur lequel la r\u00e9duction est appliqu\u00e9e est le prix catalogue officiel de la marque.<br \/>\nSi une facture est demand\u00e9e lors de la validation de la commande par le client, celle-ci sera envoy\u00e9e soit avec la marchandise, soit par e-mail au format PDF.<\/p>\n<p><strong>7 \u2013 Paiement<br \/>\n<\/strong>Le client qui souhaite proc\u00e9der \u00e0 l&#039;achat des produits doit exprimer son d\u00e9sir par une demande effectu\u00e9e directement sur le site, dans la section sp\u00e9cialement d\u00e9di\u00e9e, o\u00f9, suivant les proc\u00e9dures qui y sont indiqu\u00e9es, il enverra son bon de commande et effectuera le paiement.<br \/>\nLe paiement est exigible d\u00e8s la commande. Le client s&#039;engage \u00e0 r\u00e9gler le prix convenu pour le produit command\u00e9 sur le site (prix des produits et transport inclus) en utilisant les moyens de paiement disponibles.<br \/>\nLe client garantit \u00e0 NikelShop qu&#039;il dispose de toutes les autorisations n\u00e9cessaires pour utiliser l&#039;instrument de paiement indiqu\u00e9 lors de la commande.<br \/>\nEn cas de non-r\u00e9ception du paiement par NikelShop, NikelShop se r\u00e9serve le droit d&#039;annuler la commande.<br \/>\nLes donn\u00e9es de paiement seront trait\u00e9es via une connexion serveur \u00e0 serveur s\u00e9curis\u00e9e utilisant le protocole SSL (Secure Sockets Layer).<\/p>\n<p><strong>8 \u2013 Transfert des risques<br \/>\n<\/strong>Le transfert des risques au client intervient d\u00e8s la remise des produits au transporteur par NikelShop. Pendant le d\u00e9lai de r\u00e9tractation mentionn\u00e9 \u00e0 l&#039;article 12, le client est responsable du produit en tant que d\u00e9positaire. En cas de dommage ou de destruction du produit alors qu&#039;il est sous la garde du client, ce dernier en supporte toutes les cons\u00e9quences.<\/p>\n<p><strong>9 \u2013 Ex\u00e9cution de l\u2019ordre<br \/>\n<\/strong>La commande sera ex\u00e9cut\u00e9e dans les d\u00e9lais sp\u00e9cifi\u00e9s sur le Site et d\u00e8s son acceptation par NikelShop, et en tout \u00e9tat de cause dans un d\u00e9lai de 30 jours suivant la confirmation de la commande, sous r\u00e9serve de la disponibilit\u00e9 du produit command\u00e9 et sauf accord contraire entre les parties.<br \/>\nLes produits sont g\u00e9n\u00e9ralement disponibles et exp\u00e9di\u00e9s dans les 24 heures suivant la r\u00e9ception et l&#039;acceptation de la commande.<br \/>\nEn cas de rupture de stock ou d&#039;indisponibilit\u00e9 du produit command\u00e9, NikelShop s&#039;engage \u00e0 en informer le client dans les meilleurs d\u00e9lais et \u00e0 pr\u00e9ciser une date limite \u00e9ventuelle pour la remise en stock.<br \/>\nVoir l&#039;article 5 concernant la disponibilit\u00e9 des produits.<\/p>\n<p><strong>10 \u2013 Livraison<br \/>\n<\/strong>La zone de livraison g\u00e9ographique correspond \u00e0 la zone de couverture g\u00e9ographique de l&#039;offre. Les livraisons sont effectu\u00e9es du lundi au vendredi.<br \/>\nLes produits sont livr\u00e9s \u00e0 l&#039;adresse indiqu\u00e9e par le client. La livraison s&#039;effectue au rez-de-chauss\u00e9e. La livraison \u00e0 l&#039;\u00e9tage (si disponible) doit \u00eatre demand\u00e9e par le client lors de la confirmation d\u00e9finitive de sa commande et entra\u00eene un suppl\u00e9ment. Sauf indication contraire au moment de l&#039;achat, NikelShop ne propose pas de service d&#039;installation pour les produits vendus, sauf accord contraire conclu entre les parties.<br \/>\nNikelShop, sans pr\u00e9judice des dispositions de l&#039;article 6, s&#039;engage \u00e0 livrer les produits \u00e0 l&#039;adresse communiqu\u00e9e par le client dans sa commande, par l&#039;interm\u00e9diaire du transporteur d\u00e9sign\u00e9. NikelShop ne saurait \u00eatre tenu responsable des erreurs de livraison dues \u00e0 des inexactitudes ou \u00e0 des informations incompl\u00e8tes dans la commande du client. NikelShop assume la responsabilit\u00e9 de tout dommage survenu aux produits apr\u00e8s leur remise au transporteur. En cas de dommage av\u00e9r\u00e9 d\u00fb au transport, le client sera rembours\u00e9 (apr\u00e8s retour des articles endommag\u00e9s) ou les marchandises endommag\u00e9es seront remplac\u00e9es.<br \/>\nNikelShop ne peut \u00eatre tenu responsable des retards de livraison imputables au transporteur auquel les marchandises ont \u00e9t\u00e9 confi\u00e9es.<br \/>\nNikelShop livre partout en Italie et en Europe. Sauf cas particuliers, les frais de transport sont identiques dans toute l&#039;Italie, \u00e0 l&#039;exception de certaines zones, comme les petites \u00eeles ou les r\u00e9gions isol\u00e9es, qui peuvent faire l&#039;objet d&#039;un l\u00e9ger suppl\u00e9ment.<br \/>\nEn ce qui concerne les livraisons hors d&#039;Italie, les tarifs et les d\u00e9lais varient en fonction du lieu.<br \/>\nLa livraison est effectu\u00e9e par des transporteurs s\u00e9lectionn\u00e9s par NikelShop\u00a0; les bo\u00eetes postales ne sont pas consid\u00e9r\u00e9es comme des adresses valides pour la livraison.<br \/>\nLe document de livraison \u00e9mis par le transporteur, dat\u00e9 et sign\u00e9 par le client lors de la livraison du produit, constituera la preuve du transport et de la lib\u00e9ration des marchandises.<br \/>\n\u00c0 la livraison, le client doit v\u00e9rifier le contenu, la conformit\u00e9 et l&#039;\u00e9tat du ou des colis.<br \/>\nEn cas d&#039;anomalie, le client doit formuler ses r\u00e9serves par \u00e9crit, de mani\u00e8re d\u00e9taill\u00e9e et dat\u00e9e, \u00e0 la r\u00e9ception des colis. Ces r\u00e9serves doivent \u00e9galement \u00eatre confirm\u00e9es \u00e0 NikelShop par courriel simple ou recommand\u00e9 avec accus\u00e9 de r\u00e9ception, dans un d\u00e9lai de trois (3) jours ouvrables suivant la livraison des produits.<\/p>\n<p><strong>11 \u2013 Retrait des produits en cas d\u2019absence du client<br \/>\n<\/strong>En cas d&#039;absence du destinataire lors de la livraison, le livreur d\u00e9posera un avis de passage \u00e0 l&#039;adresse de livraison indiqu\u00e9e par le client. Si le destinataire est toujours absent lors de la seconde tentative de livraison, les produits devront \u00eatre retir\u00e9s \u00e0 l&#039;adresse et selon les modalit\u00e9s indiqu\u00e9es par le livreur.<br \/>\nEn cas de non-r\u00e9cup\u00e9ration des produits dans le d\u00e9lai imparti par le transporteur, ces derniers seront retourn\u00e9s \u00e0 NikelShop qui se r\u00e9serve le droit de rembourser le prix des produits, les frais d&#039;exp\u00e9dition aller-retour et de stockage restant \u00e0 la charge du client.<\/p>\n<p><strong>12- Droit de r\u00e9tractation<br \/>\n<\/strong>Le client a le droit de se r\u00e9tracter du contrat, sans p\u00e9nalit\u00e9 et sans avoir \u00e0 justifier de motif, \u00e0 compter de la r\u00e9ception de la confirmation de commande envoy\u00e9e par NikelShop, au plus tard quatorze jours ouvrables apr\u00e8s la r\u00e9ception du produit \u00e0 l&#039;adresse de livraison indiqu\u00e9e.<br \/>\nLa date figurant sur le bon de livraison fait foi de la r\u00e9ception.<br \/>\nLe client peut exercer son droit de r\u00e9tractation en le communiquant via le formulaire de contact figurant en bas de page, ou par courriel \u00e0 l&#039;adresse info@nikelshop.it. Il devra indiquer les informations essentielles relatives \u00e0 la validation de l&#039;achat, telles que le num\u00e9ro de commande, la date d&#039;achat, l&#039;objet et l&#039;adresse courriel de l&#039;acheteur.<br \/>\nSi le produit a d\u00e9j\u00e0 \u00e9t\u00e9 livr\u00e9, le client est tenu de le retourner \u00e0 NikelShop. \u00c0 cette fin\u00a0:<br \/>\nLe d\u00e9lai de retour est de quatorze jours \u00e0 compter de la r\u00e9ception du produit\u00a0; la date figurant sur le bon de livraison fait foi. Le produit est consid\u00e9r\u00e9 comme retourn\u00e9 d\u00e8s sa remise au bureau de poste ou au transporteur d\u00e9sign\u00e9.<br \/>\nSi le produit a \u00e9t\u00e9 livr\u00e9, son int\u00e9grit\u00e9 est une condition essentielle pour exercer le droit de r\u00e9tractation. Le client doit l&#039;emballer correctement. NikelShop n&#039;accepte aucun retour de produit endommag\u00e9, que ce soit par le client ou par le transporteur. Le produit doit \u00eatre conserv\u00e9 dans des conditions normales d&#039;entretien et manipul\u00e9 avec pr\u00e9caution. Les produits endommag\u00e9s par des d\u00e9tergents ou des additifs, ou par le client par n\u00e9gligence, ne seront ni remplac\u00e9s ni rembours\u00e9s. Le client doit joindre une copie du bon de livraison au colis.<br \/>\nLes commandes d&#039;articles modulaires et sur mesure, aux dimensions et au poids standard ou personnalis\u00e9s, n\u00e9cessitant un emballage sp\u00e9cifique (biblioth\u00e8ques, en m\u00e9tal ou en bois, ou pi\u00e8ces en plastique, par exemple), peuvent \u00eatre annul\u00e9es dans un d\u00e9lai de 7 jours. Pass\u00e9 ce d\u00e9lai, la commande est consid\u00e9r\u00e9e comme ayant \u00e9t\u00e9 trait\u00e9e et ne peut plus \u00eatre annul\u00e9e. Il est toutefois possible, dans un d\u00e9lai de 12 jours suivant la commande, de modifier les dimensions ou la quantit\u00e9 des articles command\u00e9s.<br \/>\nLa condition d\u00e9crite ci-dessus n&#039;enl\u00e8ve rien au fait qu&#039;une fois les marchandises livr\u00e9es, en cas de dommages ou de probl\u00e8mes mat\u00e9riels g\u00e9n\u00e9raux, elles peuvent \u00eatre remplac\u00e9es totalement ou seulement les parties endommag\u00e9es.<br \/>\nLes risques li\u00e9s au transport des produits retourn\u00e9s sont enti\u00e8rement \u00e0 la charge du client.<br \/>\nLes frais de retour des marchandises \u00e0 NikelShop sont \u00e0 la charge du client. Si le client exerce son droit de r\u00e9tractation conform\u00e9ment aux pr\u00e9sentes conditions g\u00e9n\u00e9rales de vente, NikelShop remboursera les sommes vers\u00e9es, en totalit\u00e9 ou en partie (voir les commissions PayPal), sur la carte bancaire ou le compte PayPal du client, ou par virement bancaire aux coordonn\u00e9es communiqu\u00e9es par ce dernier. Le remboursement sera effectu\u00e9 sans frais, dans un d\u00e9lai de trente jours \u00e0 compter de la date \u00e0 laquelle NikelShop a \u00e9t\u00e9 inform\u00e9e de l&#039;exercice du droit de r\u00e9tractation par le client.<br \/>\nConform\u00e9ment au d\u00e9cret l\u00e9gislatif 6\/9\/2005 n\u00b0 206 et \u00e0 l&#039;art. 55 du Code de la consommation, le droit de r\u00e9tractation r\u00e9gi par les pr\u00e9sentes conditions de vente ne s&#039;applique pas aux biens confectionn\u00e9s sur mesure ou nettement personnalis\u00e9s ou qui, par leur nature, ne peuvent \u00eatre retourn\u00e9s ou risquent de se d\u00e9t\u00e9riorer ou de s&#039;alt\u00e9rer rapidement.<\/p>\n<p><strong>13 \u2013 Garantie<\/strong><br \/>\nAfin d&#039;\u00e9viter tout d\u00e9sagr\u00e9ment, les produits sont soumis \u00e0 des contr\u00f4les al\u00e9atoires par NikelShop avant leur exp\u00e9dition, \u00e0 l&#039;exception des montres-bracelets, murales ou de table, qui sont toutes test\u00e9es avant exp\u00e9dition. Le client b\u00e9n\u00e9ficie toutefois de la garantie du fabricant, sous r\u00e9serve d&#039;une utilisation normale et conforme aux recommandations figurant dans les documents joints aux produits et dans les manuels d&#039;utilisation correspondants.<br \/>\nEn tout \u00e9tat de cause, les produits vendus b\u00e9n\u00e9ficient de la garantie l\u00e9gale contre les vices cach\u00e9s pr\u00e9vue par les articles 1641 et suivants du Code civil.<br \/>\nDans ce cas, le produit sera \u00e9chang\u00e9 contre un produit identique et exp\u00e9di\u00e9 au client aux frais de NikelShop, sauf en cas de rupture de stock ou d&#039;arr\u00eat de production de la gamme propos\u00e9e par NikelShop. Dans ce dernier cas, NikelShop remboursera le prix du produit au client.<\/p>\n<p><strong>14. Utilisation du site<br \/>\n<\/strong>Les descriptions et images des produits pr\u00e9sents sur le site correspondent aux informations fournies par les fournisseurs de NikelShop. Les photographies et vid\u00e9os illustrant les produits et accompagnant les informations descriptives sont publi\u00e9es sur le site \u00e0 titre informatif, sachant que la qualit\u00e9 des images, notamment le rendu exact des couleurs, peut d\u00e9pendre des logiciels et outils informatiques utilis\u00e9s par le client pour se connecter au site. NikelShop d\u00e9cline toute responsabilit\u00e9 quant aux probl\u00e8mes rencontr\u00e9s par le client lors de l&#039;utilisation du site et des technologies employ\u00e9es, ces probl\u00e8mes \u00e9tant ind\u00e9pendants de sa volont\u00e9.<\/p>\n<p><strong>15. Droits de propri\u00e9t\u00e9 intellectuelle et industrielle<br \/>\n<\/strong>NikelShop vous informe que le site, ainsi que toutes les marques et signes distinctifs utilis\u00e9s en relation avec la vente des produits propos\u00e9s, sont prot\u00e9g\u00e9s par les droits de propri\u00e9t\u00e9 intellectuelle et industrielle applicables et que toute reproduction, communication, distribution, publication, alt\u00e9ration ou transformation, sous quelque forme et \u00e0 quelque fin que ce soit, est interdite.<\/p>\n<p><strong>16. Protection des donn\u00e9es personnelles<br \/>\n<\/strong>NikelShop est propri\u00e9taire des donn\u00e9es personnelles collect\u00e9es lors de l&#039;inscription sur le site, ainsi que de celles communiqu\u00e9es ult\u00e9rieurement par le client lors de ses achats, \u00e0 l&#039;exception des donn\u00e9es relatives au paiement, pour lesquelles le traitement est effectu\u00e9 par l&#039;\u00e9tablissement bancaire concern\u00e9. Pour toute information relative au traitement des donn\u00e9es personnelles, notamment les droits mentionn\u00e9s \u00e0 l&#039;article 7 du d\u00e9cret l\u00e9gislatif n\u00b0 196\/03, veuillez consulter les informations d\u00e9taill\u00e9es fournies lors de votre inscription sur le site www.nikelshop.it<\/p>\n<p><strong>17 \u2013 Signature \u00e9lectronique<br \/>\n<\/strong>Le \u201c clic de validation \u201d constitue une signature \u00e9lectronique.<br \/>\nCette signature \u00e9lectronique a la m\u00eame valeur entre les parties qu&#039;une signature manuscrite.<\/p>\n<p><strong>18 \u2013 Int\u00e9gralit\u00e9 du contrat<br \/>\n<\/strong>Les pr\u00e9sentes conditions g\u00e9n\u00e9rales de vente constituent l&#039;int\u00e9gralit\u00e9 des obligations des parties.<br \/>\nAucune autre condition g\u00e9n\u00e9rale ou particuli\u00e8re communiqu\u00e9e par le client ne peut s&#039;int\u00e9grer aux pr\u00e9sentes conditions g\u00e9n\u00e9rales ni les compl\u00e9ter.<\/p>\n<p><strong>19 \u2013 Nullit\u00e9<br \/>\n<\/strong>Si une ou plusieurs dispositions des pr\u00e9sentes conditions g\u00e9n\u00e9rales sont jug\u00e9es invalides ou d\u00e9clar\u00e9es comme telles en application d&#039;une loi, d&#039;un r\u00e8glement ou \u00e0 la suite d&#039;une d\u00e9cision d\u00e9finitive prise par une juridiction comp\u00e9tente, les autres dispositions conserveront toute leur force et leur valeur.<\/p>\n<p><strong>20. Communications<br \/>\n<\/strong>Pour toute communication, vous pouvez contacter NikelShop \u00e0 l&#039;adresse suivante\u00a0:<br \/>\nNikel snc.<br \/>\nVia Gusmaria, 6<br \/>\n44121 Ferrare FE \u2013 Italie<br \/>\nCourriel\u00a0: info@nikelshop.it<\/p>\n<p><strong>21. Droit applicable<br \/>\n<\/strong>Le contrat de vente entre le Client et Nikel snc. est destin\u00e9 \u00e0 \u00eatre conclu en Italie et est r\u00e9gi par le droit italien.<\/p>","protected":false},"excerpt":{"rendered":"<p>Pr\u00e9misse Les pr\u00e9sentes conditions g\u00e9n\u00e9rales de vente en ligne (ci-apr\u00e8s \u201c CGV \u201d) r\u00e9gissent le contrat de vente (ci-apr\u00e8s le \u201c Contrat \u201d) des produits<\/p>","protected":false},"author":3,"featured_media":0,"parent":0,"menu_order":0,"comment_status":"closed","ping_status":"closed","template":"","meta":{"footnotes":""},"class_list":["post-20890","page","type-page","status-publish","hentry"],"_links":{"self":[{"href":"https:\/\/krossing.shop\/fr\/wp-json\/wp\/v2\/pages\/20890","targetHints":{"allow":["GET"]}}],"collection":[{"href":"https:\/\/krossing.shop\/fr\/wp-json\/wp\/v2\/pages"}],"about":[{"href":"https:\/\/krossing.shop\/fr\/wp-json\/wp\/v2\/types\/page"}],"author":[{"embeddable":true,"href":"https:\/\/krossing.shop\/fr\/wp-json\/wp\/v2\/users\/3"}],"replies":[{"embeddable":true,"href":"https:\/\/krossing.shop\/fr\/wp-json\/wp\/v2\/comments?post=20890"}],"version-history":[{"count":1,"href":"https:\/\/krossing.shop\/fr\/wp-json\/wp\/v2\/pages\/20890\/revisions"}],"predecessor-version":[{"id":20894,"href":"https:\/\/krossing.shop\/fr\/wp-json\/wp\/v2\/pages\/20890\/revisions\/20894"}],"wp:attachment":[{"href":"https:\/\/krossing.shop\/fr\/wp-json\/wp\/v2\/media?parent=20890"}],"curies":[{"name":"wp","href":"https:\/\/api.w.org\/{rel}","templated":true}]}}