{"id":20896,"date":"2026-03-09T16:54:32","date_gmt":"2026-03-09T15:54:32","guid":{"rendered":"https:\/\/krossing.shop\/?page_id=20896"},"modified":"2026-03-10T16:19:44","modified_gmt":"2026-03-10T15:19:44","slug":"politica-de-privacidad","status":"publish","type":"page","link":"https:\/\/krossing.shop\/es\/privacy-policy\/","title":{"rendered":"pol\u00edtica de privacidad"},"content":{"rendered":"<p>Quienes somos<br \/>\nLa direcci\u00f3n de nuestro sitio web es: http:\/\/www.nikelshop.it.<\/p>\n<p>Qu\u00e9 datos personales recopilamos y por qu\u00e9 los recopilamos<br \/>\nComentarios<br \/>\nCuando los visitantes dejan comentarios en el sitio, recopilamos los datos que se muestran en el formulario de comentarios, as\u00ed como la direcci\u00f3n IP del visitante y la cadena del agente de usuario del navegador para ayudar a la detecci\u00f3n de spam.<\/p>\n<p>Es posible que se proporcione al servicio Gravatar una cadena an\u00f3nima (tambi\u00e9n llamada hash) creada a partir de tu direcci\u00f3n de correo electr\u00f3nico para verificar si la est\u00e1s usando. La pol\u00edtica de privacidad del servicio Gravatar est\u00e1 disponible aqu\u00ed: https:\/\/automattic.com\/privacy\/. Tras la aprobaci\u00f3n de tu comentario, tu foto de perfil ser\u00e1 visible p\u00fablicamente en el contexto del mismo.<\/p>\n<p>Medios de comunicaci\u00f3n<br \/>\nSi sube im\u00e1genes al sitio web, evite subir im\u00e1genes con datos de ubicaci\u00f3n (GPS EXIF). Los visitantes del sitio web pueden descargar y extraer cualquier dato de ubicaci\u00f3n de las im\u00e1genes.<\/p>\n<p>Formulario de contacto<br \/>\nGalletas<br \/>\nSi dejas un comentario en nuestro sitio, puedes optar por guardar tu nombre, direcci\u00f3n de correo electr\u00f3nico y sitio web en cookies. Esto es para tu comodidad, para que no tengas que volver a rellenar tus datos cuando dejes otro comentario. Estas cookies durar\u00e1n un a\u00f1o.<\/p>\n<p>Si tiene una cuenta e inicia sesi\u00f3n en este sitio, instalaremos una cookie temporal para determinar si su navegador acepta cookies. Esta cookie no contiene datos personales y se elimina al cerrar el navegador.<\/p>\n<p>Al iniciar sesi\u00f3n, tambi\u00e9n instalaremos varias cookies para guardar tu informaci\u00f3n de inicio de sesi\u00f3n y tus preferencias de visualizaci\u00f3n de pantalla. Las cookies de inicio de sesi\u00f3n duran dos d\u00edas, y las de opciones de pantalla, un a\u00f1o. Si seleccionas &quot;Recordarme&quot;, tu inicio de sesi\u00f3n se conservar\u00e1 durante dos semanas. Si cierras sesi\u00f3n, las cookies de inicio de sesi\u00f3n se eliminar\u00e1n.<\/p>\n<p>Si editas o publicas un art\u00edculo, se guardar\u00e1 una cookie adicional en tu navegador. Esta cookie no incluye datos personales y simplemente indica el ID de la publicaci\u00f3n del art\u00edculo que acabas de editar. Caduca al cabo de un d\u00eda.<\/p>\n<p>Contenido incrustado de otros sitios web<br \/>\nLos art\u00edculos de este sitio pueden incluir contenido incrustado (por ejemplo, v\u00eddeos, im\u00e1genes, art\u00edculos, etc.). El contenido incrustado de otros sitios web se comporta exactamente igual que si el visitante hubiera visitado el otro sitio web.<\/p>\n<p>Estos sitios web pueden recopilar datos sobre usted, utilizar cookies, incrustar seguimiento adicional de terceros y monitorear su interacci\u00f3n con ese contenido incrustado, incluido el seguimiento de su interacci\u00f3n con el contenido incrustado si tiene una cuenta y est\u00e1 conectado a ese sitio web.<\/p>\n<p>Anal\u00edtica<br \/>\nCon qui\u00e9n compartimos tus datos<br \/>\nCu\u00e1nto tiempo conservamos sus datos<br \/>\nSi dejas un comentario, este y sus metadatos se conservan indefinidamente. Esto nos permite reconocer y aprobar autom\u00e1ticamente cualquier comentario posterior en lugar de mantenerlo en una cola de moderaci\u00f3n.<\/p>\n<p>De los usuarios que se registran en nuestro sitio web (si los hay), tambi\u00e9n almacenamos la informaci\u00f3n personal que proporcionan en su perfil. Todos los usuarios pueden ver, editar o eliminar su informaci\u00f3n personal en cualquier momento (excepto su nombre de usuario, que no pueden cambiar). Los administradores del sitio web tambi\u00e9n pueden ver y editar esta informaci\u00f3n.<\/p>\n<p>Qu\u00e9 derechos tienes sobre tus datos<br \/>\nSi tiene una cuenta en este sitio o ha dejado comentarios, puede solicitar un archivo exportado de los datos personales que tenemos sobre usted, incluyendo cualquier dato que nos haya proporcionado. Tambi\u00e9n puede solicitar que eliminemos cualquier dato personal que tengamos sobre usted. Esto no incluye los datos que estemos obligados a conservar con fines administrativos, legales o de seguridad.<\/p>\n<p>D\u00f3nde enviamos tus datos<br \/>\nLos comentarios de los visitantes pueden revisarse a trav\u00e9s de un servicio de detecci\u00f3n autom\u00e1tica de spam.<\/p>","protected":false},"excerpt":{"rendered":"<p>Qui\u00e9nes somos La direcci\u00f3n de nuestro sitio web es: http:\/\/www.nikelshop.it. Qu\u00e9 datos personales recopilamos y por qu\u00e9 los recopilamos Comentarios Cu\u00e1ndo<\/p>","protected":false},"author":3,"featured_media":0,"parent":0,"menu_order":0,"comment_status":"closed","ping_status":"closed","template":"","meta":{"footnotes":""},"class_list":["post-20896","page","type-page","status-publish","hentry"],"_links":{"self":[{"href":"https:\/\/krossing.shop\/es\/wp-json\/wp\/v2\/pages\/20896","targetHints":{"allow":["GET"]}}],"collection":[{"href":"https:\/\/krossing.shop\/es\/wp-json\/wp\/v2\/pages"}],"about":[{"href":"https:\/\/krossing.shop\/es\/wp-json\/wp\/v2\/types\/page"}],"author":[{"embeddable":true,"href":"https:\/\/krossing.shop\/es\/wp-json\/wp\/v2\/users\/3"}],"replies":[{"embeddable":true,"href":"https:\/\/krossing.shop\/es\/wp-json\/wp\/v2\/comments?post=20896"}],"version-history":[{"count":2,"href":"https:\/\/krossing.shop\/es\/wp-json\/wp\/v2\/pages\/20896\/revisions"}],"predecessor-version":[{"id":20955,"href":"https:\/\/krossing.shop\/es\/wp-json\/wp\/v2\/pages\/20896\/revisions\/20955"}],"wp:attachment":[{"href":"https:\/\/krossing.shop\/es\/wp-json\/wp\/v2\/media?parent=20896"}],"curies":[{"name":"wp","href":"https:\/\/api.w.org\/{rel}","templated":true}]}}