{"id":20884,"date":"2026-03-09T16:51:43","date_gmt":"2026-03-09T15:51:43","guid":{"rendered":"https:\/\/krossing.shop\/?page_id=20884"},"modified":"2026-03-09T16:51:43","modified_gmt":"2026-03-09T15:51:43","slug":"envio","status":"publish","type":"page","link":"https:\/\/krossing.shop\/es\/shipping\/","title":{"rendered":"Env\u00edo"},"content":{"rendered":"<div class=\"wpb-content-wrapper\"><div data-vc-full-width=\"true\" data-vc-full-width-temp=\"true\" data-vc-full-width-init=\"false\" data-vc-stretch-content=\"true\" class=\"vc_row wpb_row vc_row-fluid vc_custom_1451486211770 vc_row-no-padding vc_row-o-content-middle vc_row-flex\"><div class=\"wpb_column vc_column_container vc_col-sm-12 vc_col-md-6\"><div class=\"vc_column-inner\"><div class=\"wpb_wrapper\">\n\t<div  class=\"wpb_single_image wpb_content_element vc_align_center vc_custom_1773071499389\">\n\t\t\n\t\t<figure class=\"wpb_wrapper vc_figure\">\n\t\t\t<div class=\"vc_single_image-wrapper   vc_box_border_grey\"><img loading=\"lazy\" decoding=\"async\" width=\"960\" height=\"750\" src=\"https:\/\/krossing.shop\/wp-content\/uploads\/2026\/03\/spedizione-oggettistica-design-complementi-di-arredo-nikelshop-ferrara.jpg\" class=\"vc_single_image-img attachment-full\" alt=\"\" title=\"Spedizione-oggettistica-dise\u00f1o-complementos-di-arredo-nikelshop-ferrara\" srcset=\"https:\/\/krossing.shop\/wp-content\/uploads\/2026\/03\/spedizione-oggettistica-design-complementi-di-arredo-nikelshop-ferrara.jpg 960w, https:\/\/krossing.shop\/wp-content\/uploads\/2026\/03\/spedizione-oggettistica-design-complementi-di-arredo-nikelshop-ferrara-500x391.jpg 500w, https:\/\/krossing.shop\/wp-content\/uploads\/2026\/03\/spedizione-oggettistica-design-complementi-di-arredo-nikelshop-ferrara-768x600.jpg 768w, https:\/\/krossing.shop\/wp-content\/uploads\/2026\/03\/spedizione-oggettistica-design-complementi-di-arredo-nikelshop-ferrara-150x117.jpg 150w\" sizes=\"auto, (max-width: 960px) 100vw, 960px\" \/><\/div>\n\t\t<\/figure>\n\t<\/div>\n<\/div><\/div><\/div><div class=\"wpb_column vc_column_container vc_col-sm-12 vc_col-md-6\"><div class=\"vc_column-inner vc_custom_1485009354843\"><div class=\"wpb_wrapper\">\n\t<div class=\"wpb_text_column wpb_content_element vc_custom_1539270314326\" >\n\t\t<div class=\"wpb_wrapper\">\n\t\t\t<h3>Env\u00edos y devoluciones<\/h3>\n\n\t\t<\/div>\n\t<\/div>\n\n\t<div class=\"wpb_text_column wpb_content_element vc_custom_1547131066139\" >\n\t\t<div class=\"wpb_wrapper\">\n\t\t\t<p>Para env\u00edos a Italia, los gastos de env\u00edo son gratuitos si la cesta supera los 120,00 \u20ac. Si la cesta es inferior a 120,00 \u20ac, los gastos de env\u00edo son de 9,50 \u20ac. <strong>env\u00edos<\/strong> <strong>dentro de la<\/strong> <strong>Comunidad Europea, Suiza, Reino Unido y Noruega<\/strong> El costo del env\u00edo depende del peso del art\u00edculo y se puede consultar en el carrito de compras antes del pago.<\/p>\n<p>Los paquetes se env\u00edan generalmente en un plazo de 24 a 48 horas tras la compra y el pago. Para productos que no est\u00e9n disponibles de inmediato, como librer\u00edas, muebles y art\u00edculos por encargo, el env\u00edo se realizar\u00e1 lo antes posible y la fecha se indicar\u00e1 en el anuncio de venta.<\/p>\n<p><strong>Env\u00edos<\/strong> se realizan mediante mensajer\u00eda urgente como TNT, DHL y BRT. En Italia, la entrega suele realizarse al d\u00eda siguiente del env\u00edo, mientras que <strong>Los plazos de entrega en el extranjero var\u00edan entre 2 y 6 d\u00edas.<\/strong>. Pueden aumentar en pa\u00edses donde se requieren aduanas.<\/p>\n<p>Al momento del env\u00edo, le enviaremos un enlace para rastrear su paquete en l\u00ednea. Los gastos de env\u00edo incluyen los gastos de manipulaci\u00f3n y embalaje.<\/p>\n<p>Las cajas son suficientemente grandes y sus art\u00edculos est\u00e1n bien protegidos. La mercanc\u00eda puede devolverse por cualquier motivo dentro de los 15 d\u00edas posteriores a la compra. En este caso, el cliente deber\u00e1 comunicar su intenci\u00f3n por correo electr\u00f3nico a la direcci\u00f3n info@nikelshop.it y, tras la aceptaci\u00f3n por parte de Nikel snc, deber\u00e1 enviar la mercanc\u00eda, a su cargo, a la direcci\u00f3n que se le indicar\u00e1 en ese momento.<\/p>\n\n\t\t<\/div>\n\t<\/div>\n<div class=\"vc_empty_space\"   style=\"height: 25px\"><span class=\"vc_empty_space_inner\"><\/span><\/div><\/div><\/div><\/div><\/div><div class=\"vc_row-full-width vc_clearfix\"><\/div>\n<\/div>","protected":false},"excerpt":{"rendered":"Shipping and Returns For shipments to Italy, shipping costs are free if the basket is over \u20ac 120.00. If the","protected":false},"author":3,"featured_media":0,"parent":0,"menu_order":0,"comment_status":"closed","ping_status":"closed","template":"","meta":{"footnotes":""},"class_list":["post-20884","page","type-page","status-publish","hentry"],"_links":{"self":[{"href":"https:\/\/krossing.shop\/es\/wp-json\/wp\/v2\/pages\/20884","targetHints":{"allow":["GET"]}}],"collection":[{"href":"https:\/\/krossing.shop\/es\/wp-json\/wp\/v2\/pages"}],"about":[{"href":"https:\/\/krossing.shop\/es\/wp-json\/wp\/v2\/types\/page"}],"author":[{"embeddable":true,"href":"https:\/\/krossing.shop\/es\/wp-json\/wp\/v2\/users\/3"}],"replies":[{"embeddable":true,"href":"https:\/\/krossing.shop\/es\/wp-json\/wp\/v2\/comments?post=20884"}],"version-history":[{"count":1,"href":"https:\/\/krossing.shop\/es\/wp-json\/wp\/v2\/pages\/20884\/revisions"}],"predecessor-version":[{"id":20889,"href":"https:\/\/krossing.shop\/es\/wp-json\/wp\/v2\/pages\/20884\/revisions\/20889"}],"wp:attachment":[{"href":"https:\/\/krossing.shop\/es\/wp-json\/wp\/v2\/media?parent=20884"}],"curies":[{"name":"wp","href":"https:\/\/api.w.org\/{rel}","templated":true}]}}