{"id":20896,"date":"2026-03-09T16:54:32","date_gmt":"2026-03-09T15:54:32","guid":{"rendered":"https:\/\/krossing.shop\/?page_id=20896"},"modified":"2026-03-10T16:19:44","modified_gmt":"2026-03-10T15:19:44","slug":"datenschutzrichtlinie","status":"publish","type":"page","link":"https:\/\/krossing.shop\/de\/privacy-policy\/","title":{"rendered":"Datenschutzrichtlinie"},"content":{"rendered":"<p>Wer wir sind<br \/>\nUnsere Website-Adresse lautet: http:\/\/www.nikelshop.it.<\/p>\n<p>Welche personenbezogenen Daten wir erheben und warum wir sie erheben<br \/>\nKommentare<br \/>\nWenn Besucher Kommentare auf der Website hinterlassen, erfassen wir die im Kommentarformular angezeigten Daten sowie die IP-Adresse und den Browser-User-Agent-String des Besuchers, um die Spam-Erkennung zu unterst\u00fctzen.<\/p>\n<p>Eine anonymisierte Zeichenfolge, die aus Ihrer E-Mail-Adresse erstellt wird (auch Hash genannt), kann an den Gravatar-Dienst \u00fcbermittelt werden, um zu pr\u00fcfen, ob Sie diesen nutzen. Die Datenschutzrichtlinie von Gravatar finden Sie hier: https:\/\/automattic.com\/privacy\/. Nach Freigabe Ihres Kommentars ist Ihr Profilbild im Kontext Ihres Kommentars \u00f6ffentlich sichtbar.<\/p>\n<p>Medien<br \/>\nWenn Sie Bilder auf die Website hochladen, sollten Sie darauf achten, keine Bilder mit eingebetteten Standortdaten (EXIF-GPS) hochzuladen. Besucher der Website k\u00f6nnen diese Standortdaten aus den Bildern extrahieren.<\/p>\n<p>Kontaktformular<br \/>\nCookies<br \/>\nWenn Sie einen Kommentar auf unserer Website hinterlassen, k\u00f6nnen Sie Ihren Namen, Ihre E-Mail-Adresse und Ihre Website-Adresse in Cookies speichern lassen. Dies dient Ihrem Komfort, damit Sie Ihre Daten nicht erneut eingeben m\u00fcssen, wenn Sie einen weiteren Kommentar hinterlassen. Diese Cookies sind ein Jahr lang g\u00fcltig.<\/p>\n<p>Wenn Sie ein Konto besitzen und sich auf dieser Website anmelden, setzen wir ein tempor\u00e4res Cookie, um festzustellen, ob Ihr Browser Cookies akzeptiert. Dieses Cookie enth\u00e4lt keine personenbezogenen Daten und wird beim Schlie\u00dfen des Browsers gel\u00f6scht.<\/p>\n<p>Wenn Sie sich anmelden, speichern wir mehrere Cookies, um Ihre Anmeldeinformationen und Ihre Bildschirmeinstellungen zu sichern. Anmelde-Cookies sind zwei Tage g\u00fcltig, Cookies f\u00fcr Bildschirmeinstellungen ein Jahr. Wenn Sie \u201cAngemeldet bleiben\u201d ausw\u00e4hlen, bleiben Sie zwei Wochen lang angemeldet. Wenn Sie sich abmelden, werden die Anmelde-Cookies gel\u00f6scht.<\/p>\n<p>Wenn Sie einen Artikel bearbeiten oder ver\u00f6ffentlichen, wird ein zus\u00e4tzlicher Cookie in Ihrem Browser gespeichert. Dieser Cookie enth\u00e4lt keine personenbezogenen Daten und speichert lediglich die Beitrags-ID des bearbeiteten Artikels. Er l\u00e4uft nach einem Tag ab.<\/p>\n<p>Eingebettete Inhalte von anderen Websites<br \/>\nArtikel auf dieser Website k\u00f6nnen eingebettete Inhalte (z. B. Videos, Bilder, Artikel usw.) enthalten. Eingebettete Inhalte von anderen Websites verhalten sich genauso, als ob der Besucher die andere Website besucht h\u00e4tte.<\/p>\n<p>Diese Websites k\u00f6nnen Daten \u00fcber Sie sammeln, Cookies verwenden, zus\u00e4tzliche Tracking-Technologien von Drittanbietern einbetten und Ihre Interaktion mit diesen eingebetteten Inhalten \u00fcberwachen, einschlie\u00dflich der Verfolgung Ihrer Interaktion mit den eingebetteten Inhalten, wenn Sie ein Konto besitzen und auf dieser Website angemeldet sind.<\/p>\n<p>Analysen<br \/>\nAn wen wir Ihre Daten weitergeben<br \/>\nWie lange wir Ihre Daten speichern<br \/>\nWenn Sie einen Kommentar hinterlassen, werden dieser und seine Metadaten dauerhaft gespeichert. So k\u00f6nnen wir Folgekommentare automatisch erkennen und freigeben, anstatt sie in einer Moderationswarteschlange zu speichern.<\/p>\n<p>F\u00fcr Nutzer, die sich auf unserer Website registrieren (sofern vorhanden), speichern wir die von ihnen angegebenen pers\u00f6nlichen Daten in ihrem Nutzerprofil. Alle Nutzer k\u00f6nnen ihre pers\u00f6nlichen Daten jederzeit einsehen, bearbeiten oder l\u00f6schen (mit Ausnahme des Benutzernamens, der nicht ge\u00e4ndert werden kann). Website-Administratoren k\u00f6nnen diese Daten ebenfalls einsehen und bearbeiten.<\/p>\n<p>Welche Rechte Sie an Ihren Daten haben<br \/>\nWenn Sie ein Konto auf dieser Website haben oder Kommentare hinterlassen haben, k\u00f6nnen Sie eine exportierte Datei mit Ihren bei uns gespeicherten personenbezogenen Daten anfordern, einschlie\u00dflich aller Daten, die Sie uns bereitgestellt haben. Sie k\u00f6nnen auch die L\u00f6schung Ihrer bei uns gespeicherten personenbezogenen Daten beantragen. Dies gilt nicht f\u00fcr Daten, die wir aus administrativen, rechtlichen oder Sicherheitsgr\u00fcnden aufbewahren m\u00fcssen.<\/p>\n<p>Wohin wir Ihre Daten senden<br \/>\nBesucherkommentare k\u00f6nnen durch einen automatisierten Spam-Erkennungsdienst \u00fcberpr\u00fcft werden.<\/p>","protected":false},"excerpt":{"rendered":"<p>Wer wir sind Unsere Website-Adresse lautet: http:\/\/www.nikelshop.it. Welche personenbezogenen Daten wir erheben und warum wir sie erheben Kommentare Wann<\/p>","protected":false},"author":3,"featured_media":0,"parent":0,"menu_order":0,"comment_status":"closed","ping_status":"closed","template":"","meta":{"footnotes":""},"class_list":["post-20896","page","type-page","status-publish","hentry"],"_links":{"self":[{"href":"https:\/\/krossing.shop\/de\/wp-json\/wp\/v2\/pages\/20896","targetHints":{"allow":["GET"]}}],"collection":[{"href":"https:\/\/krossing.shop\/de\/wp-json\/wp\/v2\/pages"}],"about":[{"href":"https:\/\/krossing.shop\/de\/wp-json\/wp\/v2\/types\/page"}],"author":[{"embeddable":true,"href":"https:\/\/krossing.shop\/de\/wp-json\/wp\/v2\/users\/3"}],"replies":[{"embeddable":true,"href":"https:\/\/krossing.shop\/de\/wp-json\/wp\/v2\/comments?post=20896"}],"version-history":[{"count":2,"href":"https:\/\/krossing.shop\/de\/wp-json\/wp\/v2\/pages\/20896\/revisions"}],"predecessor-version":[{"id":20955,"href":"https:\/\/krossing.shop\/de\/wp-json\/wp\/v2\/pages\/20896\/revisions\/20955"}],"wp:attachment":[{"href":"https:\/\/krossing.shop\/de\/wp-json\/wp\/v2\/media?parent=20896"}],"curies":[{"name":"wp","href":"https:\/\/api.w.org\/{rel}","templated":true}]}}